{"id":31,"date":"2007-09-15T18:19:59","date_gmt":"2007-09-15T22:19:59","guid":{"rendered":"http:\/\/www.editorial.de\/?page_id=31"},"modified":"2007-09-15T18:19:59","modified_gmt":"2007-09-15T22:19:59","slug":"portfolio","status":"publish","type":"page","link":"https:\/\/www.editorial.de\/index.php\/portfolio\/","title":{"rendered":"Portfolio"},"content":{"rendered":"<p><strong>@DEPRECATED<\/strong><\/p>\n<p><em>Unabh\u00e4ngig immer, neutral nimmer!<\/em><\/p>\n<p>Neben meinen Hauptanliegen in Form des &#8222;Freeware Guide&#8220; und &#8222;tricky html&#8220; hier nur ein kurzer Abriss zu meinen Aktivit\u00e4ten in der Vergangenheit:<\/p>\n<p><strong><a href=\"http:\/\/www.horst-janssen-museum.de\/\">Horst-Janssen-Museum Oldenburg<\/a>: 2 Besucherterminals<\/strong><br \/>\n&#8222;Horst Janssen &#8211; eine Biographie&#8220; und &#8222;Drucktechniken&#8220; sind zwei aufwendige Terminals innerhalb des Museums, erstellt ebenfalls von Andreas Jaeger, Thomas Poppinga, Ulf Peters und mir. Dreamteam irgendwie ;-) Diese multimedialen Director 8- Programme, \u00fcberaus aufwendig in Gestaltung und Recherche, mit sehr spielerischem Zugang sind im Herbst 2000 erstellt worden.<\/p>\n<p><a href=\"http:\/\/www.uni-oldenburg.de\/\"><strong>Universit\u00e4t Oldenburg<\/strong><\/a><br \/>\nDie komplette Neugestaltung, die weitreichende Umsetzung vorheriger Inhalte sowie eine HTML- \/Dreamweaver- Schulung in den H\u00e4nden einer speziell daf\u00fcr zusammengestellten Gruppe von Studenten: Andreas Jaeger, Thomas Poppinga, Ulf Peters und ich (unter Leitung von Heike Tendler, ZSB und Thomas Robbers, FB 2). Vom anf\u00e4nglichen &#8222;Siegerentwurf&#8220; von Andreas blieb kaum etwas \u00fcbrig, trotzdem ist das Projekt sowohl das umfangreichste als auch das ausgereifteste hier. War ja auch ein Jahr Lohn und Brot&#8230; (Online- Legung: April 2000)<\/p>\n<p><a href=\"http:\/\/www.der-eisenstein.de\/\"><strong>Der Eisenstein [Int. Festival des Kurzfilms Wilhelmshaven]<\/strong><\/a><br \/>\nKompletterstellung der Webseiten mit Thomas Poppinga und Alexander Nobbe im Fr\u00fchjahr 2000. Etwas schade ist, dass die Seiten auf der CI zum vorangegangenen Festival basieren, sie sind technisch eher sehr minimalistisch Frame- basiert.<\/p>\n<p><a href=\"http:\/\/www.uni-oldenburg.de\/kunst\/\"><strong>kunst &amp; medien<\/strong><\/a><br \/>\nDie Seiten &#8222;kunst &amp; medien&#8220; des Fachbereichs 2 der Universit\u00e4t Oldenburg entstand in einer Gruppe unter Leitung von Thomas Robbers im Wintersemester 1999\/2000, aber in gro\u00dfen Teilen stammt die Umsetzung im Endeffekt von J\u00f6rg Appel und mir, die Photos sind von Rainer Aper. Besonders das bandbreitenschonende JavaScript- Mosaik am Anfang halte ich f\u00fcr \u00fcberaus gelungen&#8230;<\/p>\n<p><a href=\"http:\/\/www.fortytwo.uni-oldenburg.de\/\"><strong>The FortyTwo Network<\/strong><\/a><br \/>\nDie erste Version der Webseiten meines Wohnheimes entstand in Zusammenarbeit mit Erik Stacey. Dabei habe ich mehr an der technischen und Erik an der grafischen Umsetzung gearbeitet. Die sehr durchg\u00e4ngige und eigenst\u00e4ndige Idee ist trotz diverser Probleme sehr angenehm. Eine zweite Version ist angedacht, aber die Umsetzung l\u00e4sst auf sich warten&#8230;<\/p>\n<p><a href=\"http:\/\/www.uni-oldenburg.de\/kunstgeschichten\/\"><strong>Oldenburger Kunstgeschichten<\/strong><\/a><br \/>\nUmsetzung eines Projektes des Fachbereiches Kunst ins Internet als &#8222;Praktisch- methodische Pr\u00fcfung&#8220; in einer Zusammenarbeit mit J\u00f6rg Appel. Daf\u00fcr haben wir die zwei sch\u00f6nsten Wochen des Jahres &#8217;97 vor dem Rechner verbracht. Konkret von mir stammen 1650, 1700, 1875, 1925, 1950 und 1995&#8230;<\/p>\n","protected":false},"excerpt":{"rendered":"<p>@DEPRECATED Unabh\u00e4ngig immer, neutral nimmer! Neben meinen Hauptanliegen in Form des &#8222;Freeware Guide&#8220; und &#8222;tricky html&#8220; hier nur ein kurzer Abriss zu meinen Aktivit\u00e4ten in der Vergangenheit: Horst-Janssen-Museum Oldenburg: 2 Besucherterminals &#8222;Horst Janssen &#8211; eine Biographie&#8220; und &#8222;Drucktechniken&#8220; sind zwei aufwendige Terminals innerhalb des Museums, erstellt ebenfalls von Andreas Jaeger, Thomas Poppinga, Ulf Peters und [&hellip;]<\/p>\n","protected":false},"author":1,"featured_media":0,"parent":0,"menu_order":3,"comment_status":"closed","ping_status":"closed","template":"","meta":{"footnotes":""},"class_list":["post-31","page","type-page","status-publish","hentry"],"_links":{"self":[{"href":"https:\/\/www.editorial.de\/index.php\/wp-json\/wp\/v2\/pages\/31","targetHints":{"allow":["GET"]}}],"collection":[{"href":"https:\/\/www.editorial.de\/index.php\/wp-json\/wp\/v2\/pages"}],"about":[{"href":"https:\/\/www.editorial.de\/index.php\/wp-json\/wp\/v2\/types\/page"}],"author":[{"embeddable":true,"href":"https:\/\/www.editorial.de\/index.php\/wp-json\/wp\/v2\/users\/1"}],"replies":[{"embeddable":true,"href":"https:\/\/www.editorial.de\/index.php\/wp-json\/wp\/v2\/comments?post=31"}],"version-history":[{"count":0,"href":"https:\/\/www.editorial.de\/index.php\/wp-json\/wp\/v2\/pages\/31\/revisions"}],"wp:attachment":[{"href":"https:\/\/www.editorial.de\/index.php\/wp-json\/wp\/v2\/media?parent=31"}],"curies":[{"name":"wp","href":"https:\/\/api.w.org\/{rel}","templated":true}]}}